{"id":1393,"date":"2021-03-07T20:00:17","date_gmt":"2021-03-07T20:00:17","guid":{"rendered":"https:\/\/tsv-bigge-olsberg.de\/?page_id=1393"},"modified":"2025-04-14T09:57:48","modified_gmt":"2025-04-14T09:57:48","slug":"datenschutz","status":"publish","type":"page","link":"https:\/\/tsv-bigge-olsberg.de\/?page_id=1393","title":{"rendered":"Datenschutz"},"content":{"rendered":"\n<p>Nach Artikel 13 und 14 der Datenschutzgrundverordnung (im Folgenden DSGVO) hat der Verantwortliche einer betroffenen Person, deren Daten er verarbeitet, die in den Artikeln genannten Informationen bereit zu stellen. Dieser Informationspflicht kommen wir hiermit nach. Diese Datenschutzerkl\u00e4rung kl\u00e4rt \u00fcber die Art, den Umfang und den Zweck der Verarbeitung von personenbezogenen Daten innerhalb unseres Onlineangebots und der mit ihm verbundenen Webseiten, Funktionen und Inhalte auf. Bez\u00fcglich der verwendeten Begrifflichkeiten (z.B. Verarbeitung oder Verantwortlicher) verweisen wir auf die Definitionen in Art. 4 der DSGVO.<\/p>\n\n\n\n<p><strong><br>Name und Kontaktdaten des Verantwortlichen:<\/strong><\/p>\n\n\n\n<p>TSV Bigge-Olsberg 06\/08 e.V.&nbsp; &nbsp;&nbsp;<br>Postfach 1404<br>59939 Olsberg<\/p>\n\n\n\n<p>Gesetzlich vertreten durch den Vorstand nach \u00a7 26 BGB: Matthias Herbst, Stefan Kotthoff, Wigbert Kreis, Gregor Neuh\u00e4user.<\/p>\n\n\n\n<p>Der Verein wird gerichtlich und au\u00dfergerichtlich durch zwei Mitglieder dieses gesch\u00e4ftsf\u00fchrenden Vorstands vertreten.<\/p>\n\n\n\n<p><strong><br>Zwecke, f\u00fcr die personenbezogene Daten verarbeitet werden:<\/strong><\/p>\n\n\n\n<p>Die personenbezogenen Daten werden f\u00fcr die Durchf\u00fchrung des Mitgliedschaftsverh\u00e4ltnisses verarbeitet (z.B. Durchf\u00fchrung des Sportbetriebs, Beitragseinzug der Mitgliedsbeitr\u00e4ge, Einladungen zu Versammlungen).<br>Personenbezogene Daten werden zur Teilnahme am Wettkampf-, Turnier- und Spielbetrieb an die betreffenden Stellen weitergeleitet (z.B. LSB NRW, KSB Hochsauerlandkreis). Dar\u00fcber hinaus werden personenbezogene Daten im Zusammenhang mit sportlichen Ereignissen einschlie\u00dflich der Berichterstattung hier\u00fcber auf den Internetseiten des TSV Bigge-Olsberg sowie auf Seiten der Fachverb\u00e4nde ver\u00f6ffentlicht und an lokale, regionale und \u00fcberregionale Medien \u00fcbermittelt.<\/p>\n\n\n\n<p><strong><br>Rechtsgrundlagen, auf Grund derer die Verarbeitung erfolgt:<\/strong><\/p>\n\n\n\n<p>Die Verarbeitung der personenbezogenen Daten erfolgt in der Regel aufgrund der Erforderlichkeit zur Erf\u00fcllung eines Vertrags gem\u00e4\u00df Artikel 6 Abs. 1 lit. b DSGVO. Bei den Vertragsverh\u00e4ltnissen handelt es sich in erster Linie um das Mitgliedschaftsverh\u00e4ltnis im Verein und um die Teilnahme am Spielbetrieb der Fachverb\u00e4nde.<br>Werden personenbezogene Daten erhoben, ohne dass die Verarbeitung zur Erf\u00fcllung des Vertrags erforderlich ist, erfolgt die Verarbeitung aufgrund einer Einwilligung nach Artikel 6 Abs. 1 lit. a i.V.m. Artikel 7 DSGVO.<br>Die Ver\u00f6ffentlichung personenbezogener Daten im Internet oder in lokalen, regionalen oder \u00fcberregionalen Medien erfolgt zur Wahrung berechtigter Interessen des Vereins (vgl. Art. 6 Abs. 1 lit f DSGVO). Das berechtigte Interesse des Vereins besteht in der Information der \u00d6ffentlichkeit durch Berichterstattung \u00fcber die Aktivit\u00e4ten des Vereins. In diesem Rahmen werden personenbezogene Daten einschlie\u00dflich Bilder der Teilnehmer zum Beispiel im Rahmen der Berichterstattung \u00fcber sportliche Ereignisse des Vereins ver\u00f6ffentlicht.<\/p>\n\n\n\n<p><strong><br>Empf\u00e4nger oder Kategorien von Empf\u00e4ngern der personenbezogenen Daten:<\/strong><\/p>\n\n\n\n<p>Personenbezogene Daten der Mitlieder, die am Spiel- und Wettkampfbetrieb der Landesfachverb\u00e4nde teilnehmen, werden zum Erwerb einer Lizenz, einer Wertungskarte, eines Spielerpasses oder einer sonstigen Teilnahmeberechtigung an den jeweiligen Landesverband weitergegeben. Die Daten der Bankverbindung der Mitglieder werden zum Zwecke des Beitragseinzugs an die Sparkasse Hochsauerland weitergeleitet.<\/p>\n\n\n\n<p><strong><br>Dauer der Speicherung personenbezogener Daten:<\/strong><\/p>\n\n\n\n<p>Die personenbezogenen Daten werden f\u00fcr die Dauer der Mitgliedschaft gespeichert. Mit Beendigung der Mitgliedschaft werden die aufbewahrungspflichtigen Daten gem\u00e4\u00df den gesetzlichen Aufbewahrungsfristen weitere zehn Jahre vorgehalten und dann gel\u00f6scht. In der Zeit zwischen Beendigung der Mitgliedschaft und der L\u00f6schung wird die Verarbeitung dieser Daten eingeschr\u00e4nkt.<br>Bestimmte Daten werden bei Bedarf zum Zweck der Vereinschronik im Vereinsarchiv gespeichert. Hierbei handelt es sich z.B. um Vorname, Nachname, Zugeh\u00f6rigkeit zu einer oder mehrerer Mannschaften sowie Daten zur zeitgeschichtlichen Dokumentation von sportlichen Ereignissen und Erfolgen.<br>Alle \u00fcbrigen Daten (z.B. Bankdaten, Anschriften, Kontaktdaten) werden mit Beendigung der Mitgliedschaft gel\u00f6scht.<\/p>\n\n\n\n<p><strong><br>Der betroffenen Person stehen unter den in den Artikeln jeweils genannten Voraussetzungen die nachfolgenden Rechte zu:<\/strong><\/p>\n\n\n\n<ul><li>das Recht auf Auskunft (Art. 15 DSGVO),<\/li><li>das Recht auf Berichtigung (Art. 16 DSGVO),<\/li><li>das Recht auf L\u00f6schung (Art. 17 DSGVO),<\/li><li>das Recht auf Einschr\u00e4nkung der Verarbeitung (Art. 18 DSGVO),<\/li><li>das Recht auf Daten\u00fcbertragbarkeit (Art. 20 DSGVO),<\/li><li>das Widerspruchsrecht (Art. 21 DSGVO),<\/li><li>das Recht auf Beschwerde bei einer Aufsichtsbeh\u00f6rde (Art. 77 DSGVO),<\/li><li>das Recht, eine erteilte Einwilligung jederzeit widerrufen zu k\u00f6nnen, ohne dass die Rechtm\u00e4\u00dfigkeit der aufgrund der Einwilligung bis zum Widerruf erfolgten Verarbeitung hierdurch ber\u00fchrt wird.<\/li><\/ul>\n\n\n\n<p><strong>Cookies<\/strong><\/p>\n\n\n\n<p>Die Internetseiten verwenden teilweise so genannte Cookies. Cookies richten auf Ihrem Rechner keinen Schaden an und enthalten keine Viren. Cookies dienen dazu, unser Angebot nutzerfreundlicher, effektiver und sicherer zu machen. Cookies sind kleine Textdateien, die auf Ihrem Rechner abgelegt werden und die Ihr Browser speichert.<\/p>\n\n\n\n<p>Die meisten der von uns verwendeten Cookies sind so genannte \u201cSession-Cookies\u201d. Sie werden nach Ende Ihres Besuchs automatisch gel\u00f6scht. Andere Cookies bleiben auf Ihrem Endger\u00e4t gespeichert bis Sie diese l\u00f6schen. Diese Cookies erm\u00f6glichen es uns, Ihren Browser beim n\u00e4chsten Besuch wiederzuerkennen.<\/p>\n\n\n\n<p>Sie k\u00f6nnen Ihren Browser so einstellen, dass Sie \u00fcber das Setzen von Cookies informiert werden und Cookies nur im Einzelfall erlauben, die Annahme von Cookies f\u00fcr bestimmte F\u00e4lle oder generell ausschlie\u00dfen sowie das automatische L\u00f6schen der Cookies beim Schlie\u00dfen des Browser aktivieren. Bei der Deaktivierung von Cookies kann die Funktionalit\u00e4t dieser Website eingeschr\u00e4nkt sein.<\/p>\n\n\n\n<p>Cookies, die zur Durchf\u00fchrung des elektronischen Kommunikationsvorgangs oder zur Bereitstellung bestimmter, von Ihnen erw\u00fcnschter Funktionen (z.B. Warenkorbfunktion) erforderlich sind, werden auf Grundlage von Art. 6 Abs. 1 lit. f DSGVO gespeichert. Der Websitebetreiber hat ein berechtigtes Interesse an der Speicherung von Cookies zur technisch fehlerfreien und optimierten Bereitstellung seiner Dienste. Soweit andere Cookies (z.B. Cookies zur Analyse Ihres Surfverhaltens) gespeichert werden, werden diese in dieser Datenschutzerkl\u00e4rung gesondert behandelt.<\/p>\n\n\n\n<p><strong><br>Datenquelle:<\/strong><\/p>\n\n\n\n<p>Die personenbezogenen Daten werden grunds\u00e4tzlich im Rahmen des Erwerbs der Mitgliedschaft erhoben.<\/p>\n\n\n\n<p><strong>Datenschutzbeh\u00f6rde:<\/strong><\/p>\n\n\n\n<p>Landesbeauftragte f\u00fcr Datenschutz und Informationsfreiheit Nordrhein-Westfalen<br>Postfach 200444<\/p>\n\n\n\n<p>40102 D\u00fcsseldorf<\/p>\n\n\n\n<p>Website: &nbsp;&nbsp;&nbsp;&nbsp;&nbsp;&nbsp; <a href=\"https:\/\/www.ldi.nrw.de\">https:\/\/www.ldi.nrw.de<\/a><br>E-Mail: &nbsp;&nbsp;&nbsp;&nbsp;&nbsp;&nbsp;&nbsp;&nbsp;&nbsp; <a href=\"mailto:poststelle@ldi.nrw.de\">poststelle@ldi.nrw.de<\/a><\/p>\n","protected":false},"excerpt":{"rendered":"<div class=\"mh-excerpt\"><p>Nach Artikel 13 und 14 der Datenschutzgrundverordnung (im Folgenden DSGVO) hat der Verantwortliche einer betroffenen Person, deren Daten er verarbeitet, die in den Artikeln genannten Informationen bereit zu stellen. Dieser Informationspflicht kommen wir hiermit nach. <a class=\"mh-excerpt-more\" href=\"https:\/\/tsv-bigge-olsberg.de\/?page_id=1393\" title=\"Datenschutz\">[&#8230;]<\/a><\/p>\n<\/div>","protected":false},"author":2,"featured_media":0,"parent":0,"menu_order":0,"comment_status":"closed","ping_status":"closed","template":"","meta":{"ngg_post_thumbnail":0},"_links":{"self":[{"href":"https:\/\/tsv-bigge-olsberg.de\/index.php?rest_route=\/wp\/v2\/pages\/1393"}],"collection":[{"href":"https:\/\/tsv-bigge-olsberg.de\/index.php?rest_route=\/wp\/v2\/pages"}],"about":[{"href":"https:\/\/tsv-bigge-olsberg.de\/index.php?rest_route=\/wp\/v2\/types\/page"}],"author":[{"embeddable":true,"href":"https:\/\/tsv-bigge-olsberg.de\/index.php?rest_route=\/wp\/v2\/users\/2"}],"replies":[{"embeddable":true,"href":"https:\/\/tsv-bigge-olsberg.de\/index.php?rest_route=%2Fwp%2Fv2%2Fcomments&post=1393"}],"version-history":[{"count":5,"href":"https:\/\/tsv-bigge-olsberg.de\/index.php?rest_route=\/wp\/v2\/pages\/1393\/revisions"}],"predecessor-version":[{"id":1698,"href":"https:\/\/tsv-bigge-olsberg.de\/index.php?rest_route=\/wp\/v2\/pages\/1393\/revisions\/1698"}],"wp:attachment":[{"href":"https:\/\/tsv-bigge-olsberg.de\/index.php?rest_route=%2Fwp%2Fv2%2Fmedia&parent=1393"}],"curies":[{"name":"wp","href":"https:\/\/api.w.org\/{rel}","templated":true}]}}